{"id":22,"date":"2015-11-11T15:54:41","date_gmt":"2015-11-11T14:54:41","guid":{"rendered":"http:\/\/51.254.98.77\/nuovosito\/fattoriadidattica\/?page_id=22"},"modified":"2019-09-02T08:34:52","modified_gmt":"2019-09-02T06:34:52","slug":"dicono-di-noi","status":"publish","type":"page","link":"https:\/\/www.uovalago.it\/fattoria-didattica\/dicono-di-noi\/","title":{"rendered":"Dicono di noi"},"content":{"rendered":"<p><img loading=\"lazy\" decoding=\"async\" class=\"size-medium wp-image-774 alignright\" src=\"https:\/\/www.uovalago.it\/fattoria-didattica\/wp-content\/uploads\/sites\/2\/2015\/11\/OK-BIMBI-300x259.jpg\" alt=\"\" width=\"300\" height=\"259\" srcset=\"https:\/\/www.uovalago.it\/fattoria-didattica\/wp-content\/uploads\/sites\/2\/2015\/11\/OK-BIMBI-300x259.jpg 300w, https:\/\/www.uovalago.it\/fattoria-didattica\/wp-content\/uploads\/sites\/2\/2015\/11\/OK-BIMBI-768x663.jpg 768w, https:\/\/www.uovalago.it\/fattoria-didattica\/wp-content\/uploads\/sites\/2\/2015\/11\/OK-BIMBI-261x225.jpg 261w, https:\/\/www.uovalago.it\/fattoria-didattica\/wp-content\/uploads\/sites\/2\/2015\/11\/OK-BIMBI.jpg 785w\" sizes=\"(max-width: 300px) 100vw, 300px\" \/><\/p>\n<p style=\"font-weight: 400;\"><strong>Scuola per l&#8217;infanzia Arsego<\/strong><\/p>\n<p><i class=\"fa fa-thumbs-o-up\"><\/i> &#8220;Da ripetere tanto siamo stati bene&#8221;<\/p>\n<p>&nbsp;<\/p>\n<p><strong>Scuola primaria Riese Pio X<\/strong><\/p>\n<p><i class=\"fa fa-thumbs-o-up\"><\/i> &#8220;Accoglienza e disponibilit\u00e0 ottima. Proposte operative molto interessanti. Grande collaborazione al femminile&#8221;<\/p>\n<p>&nbsp;<\/p>\n<p><strong>Asilo nido Pozzoleone<\/strong><\/p>\n<p><i class=\"fa fa-thumbs-o-up\"><\/i> &#8220;Luogo meraviglioso e ben curato. Ottima accoglienza. Personale adorabile e preparato.&#8221;<\/p>\n<p>&nbsp;<\/p>\n<p><strong>Scuola primaria Chirignago<\/strong><\/p>\n<p><i class=\"fa fa-thumbs-o-up\"><\/i> &#8220;Buona accoglienza . Percorso interessante e stimolante per gli alunni&#8221;<\/p>\n<p>&nbsp;<\/p>\n<p><strong>Centro estivo Cogollo &nbsp;<\/strong><\/p>\n<p><i class=\"fa fa-thumbs-o-up\"><\/i> &#8220;Giornata ben organizzata, con numerose attivit\u00e0 e soprattutto con nessun tempo morto tra i vari laboratori. Personale molto gentile e disponibile&#8221;<\/p>\n<p>&nbsp;<\/p>\n<p><strong>Asilo nido Ros\u00e0<\/strong><\/p>\n<p><i class=\"fa fa-thumbs-o-up\"><\/i>&#8220;Persone, luogo ed ambienti accoglienti. Disponibilit\u00e0 e adattamento a bimbi piccoli.&#8221;<\/p>\n<p>&nbsp;<\/p>\n<p><strong>Scuola primaria Bassano del Grappa<\/strong><\/p>\n<p><i class=\"fa fa-thumbs-o-up\"><\/i> &#8220;Laboratori vari e ben gestiti. Linguaggio nei vari percorsi adatto all\u2019et\u00e0 del bambino. Esperimenti interessanti e coinvolgenti. Visita dell\u2019azienda con la possibilit\u00e0 di partecipare ad alcune fasi del confezionamento delle uova&#8221;<\/p>\n<p>&nbsp;<\/p>\n<p><strong>Scuola primaria Bolzano Vicentino<\/strong><\/p>\n<p><i class=\"fa fa-thumbs-o-up\"><\/i> &#8220;Contatto e percorso formativo ottimo relativo alla gallina&#8221;<\/p>\n<p>&nbsp;<\/p>\n<p><strong>Scuola primaria Limena<\/strong><\/p>\n<p><i class=\"fa fa-thumbs-o-up\"><\/i> &#8220;Cortesia e disponibilit\u00e0 degli operatori. Attivit\u00e0 molto interattive e adatte ai bimbi&#8221;<\/p>\n<p>&nbsp;<\/p>\n<p><strong>Scuola Primaria di ROSA&#8217; (VI)<\/strong><\/p>\n<p><i class=\"fa fa-thumbs-o-up\"><\/i> &#8220;Laboratori bene organizzati e interessanti. Esperienza da consigliare!&#8221;<\/p>\n<p>&nbsp;<\/p>\n<p><strong>Scuola Primaria A.S.C.E. &#8220;VENDRAMINI&#8221; di BASSANO DEL GRAPPA (VI)<\/strong><\/p>\n<p><i class=\"fa fa-thumbs-o-up\"><\/i> &#8220;Personale molto capace a rapportarsi con i bambini. Bambini a proprio agio.&#8221;<\/p>\n<p>&nbsp;<\/p>\n<p><strong>Istituto Comprensivo Bassano1 &#8220;A. Campesano&#8221; di BASSANO DEL GRAPPA (PD)<\/strong><\/p>\n<p><i class=\"fa fa-thumbs-o-up\"><\/i> &#8220;Capacit\u00e0 di coinvolgimento nei vari percorsi.&#8221;<\/p>\n<p>&nbsp;<\/p>\n<p><strong>Scuola dell&#8217;Infanzia &#8220;A. Magrini&#8221; di SAN PIETRO di STRA&#8217; (VE)<\/strong><\/p>\n<p><i class=\"fa fa-thumbs-o-up\"><\/i> &#8220;Buona organizzazione, ampi spazi per il gioco.&#8221;<\/p>\n<p>&nbsp;<\/p>\n<p><strong>Parrocchia di SAN GIUSEPPE di CASSOLA (VI) &#8211; GREST<\/strong><\/p>\n<p><i class=\"fa fa-thumbs-o-up\"><\/i> &#8221; Belle attivit\u00e0 e ottima accoglienza.&#8221;<\/p>\n<p>&nbsp;<\/p>\n<p><strong>Centro Estivo RESANA (VI)<\/strong><\/p>\n<p><i class=\"fa fa-thumbs-o-up\"><\/i> &#8220;Impatto positivo, stimolante e accogliente&#8221;<\/p>\n<p>&nbsp;<\/p>\n<p><strong>Scuola Materna DANIELI di NOVE (VI)<\/strong><\/p>\n<p><i class=\"fa fa-thumbs-o-up\"><\/i> &#8220;I bambini hanno imparato delle cose nuove e familiarizzato con l&#8217;uovo, alimento che non sono abituati a toccare con mano. Hanno sperimentato a vista dove nasce l&#8217;uovo fino al suo utilizzo nella pasta. Percorso molto interessante anche per gli adulti.&#8221;<\/p>\n<p>&nbsp;<\/p>\n<p><strong>Scuola dell&#8217;Infanzia Paritaria &#8220;NOSTRA SIGNORA DI FATIMA&#8221; a PADOVA<\/strong><\/p>\n<p><i class=\"fa fa-thumbs-o-up\"><\/i> &#8220;Siamo stati contenti. Attivit\u00e0 e posto adeguato ai bambini. Abbiamo ricevuto una buona accoglienza ed i laboratori sono stati adatti all&#8217;et\u00e0 dei bambini.<\/p>\n<p>&nbsp;<\/p>\n<p><strong>Scuola Primaria Paritaria &#8220;SACRO CUORE&#8221; di CADONEGHE (PD)<\/strong><\/p>\n<p><i class=\"fa fa-thumbs-o-up\"><\/i> &#8220;Cortesia, gentilezza e affetto materno riscontrato in tutte le addette al lavoro.&#8221;<\/p>\n<p>&nbsp;<\/p>\n<p><strong>Scuola Primaria &#8220;PAPA LUCIANI&#8221; Istituti Comprensivo CERVARESE SANTA CROCE (PD)<\/strong><\/p>\n<p><i class=\"fa fa-thumbs-o-up\"><\/i> &#8220;Variet\u00e0 delle proposte, coinvolgimento attivo dei bambini, disponibilit\u00e0 e cortesia degli operatori.&#8221;<\/p>\n<p>&nbsp;<\/p>\n<p><strong>Istituto Vescovile &#8220;ANDREA GRAZIANI&#8221; di BASSANO DEL GRAPPA (VI)<\/strong><\/p>\n<p><i class=\"fa fa-thumbs-o-up\"><\/i> &#8220;Ci \u00e8 piaciuta l&#8217;aria familiare che si respira, ma nello stesso tempo la professionalit\u00e0 nelle spiegazioni.&#8221;<\/p>\n<p>&nbsp;<\/p>\n<p><strong><strong>Scuola dell&#8217;Infanzia &#8220;SAN MARTINO&#8221; di CASALSERUGO (PD)<\/strong><\/strong><\/p>\n<p><i class=\"fa fa-thumbs-o-up\"><\/i> &#8220;I laboratori svolti sono a misura di bambino, come il percorso e lo spazio a disposizione.&#8221;<\/p>\n<p>&nbsp;<\/p>\n<p><strong>Centro Estivo COMUNE DI SAN MARTINO&nbsp;di LUPARI(PD)<\/strong><\/p>\n<p><i class=\"fa fa-thumbs-o-up\"><\/i> &#8220;Interesse per la conoscenza della fattoria; dai suoi &#8220;prodotti&#8221; agli animali che ospita. Entusiasmo dei bambini&#8221;<\/p>\n<p>&nbsp;<\/p>\n<p><strong>Centro Estivo CENTRO NUOTO TEZZE ASS. SPORTIVA DILETTANTISTICA (VI)<\/strong><\/p>\n<p><i class=\"fa fa-thumbs-o-up\"><\/i> &#8220;Cose mai viste&#8221;<\/p>\n<p>&nbsp;<\/p>\n<p><strong>Centro Infanzia SAN MARTINO di TREBASELEGHE (PD)<\/strong><\/p>\n<p><i class=\"fa fa-thumbs-o-up\"><\/i> &#8220;Ambiente confortevole, ottima organizzazione dell&#8217;attivit\u00e0, gestione versatile, grande disponibilit\u00e0 di personale e spazi. Grazie mille!!&#8221;<\/p>\n<p>&nbsp;<\/p>\n<p><strong>Scuola Materna DON G. CONCATO di SAN ZENO DI CASSOLA (VI)<\/strong><\/p>\n<p><i class=\"fa fa-thumbs-o-up\"><\/i> &#8220;Competenza e professionalit\u00e0 del personale. Buona la possibilit\u00e0 per ogni bambino di interagire con gli animali e di partecipare ad ogni laboratorio. Cortesia e disponibilit\u00e0 di tutti gli operatori.&#8221;<\/p>\n<p>&nbsp;<\/p>\n<p><strong>Nido Integrato e Scuola dell&#8217;Infanzia SAN GIACOMO di LUSIANA (VI)<\/strong><\/p>\n<p><i class=\"fa fa-thumbs-o-up\"><\/i> &#8220;Abbiamo avuto un ottima accoglienza, ci \u00e8 stato offerto un ottimo aiuto nella gestione dei bambini.&#8221;<\/p>\n<p>&nbsp;<\/p>\n<p><strong>Scuola dell&#8217;Infanzia SAVARDO di MASSANZAGO (PD)<\/strong><\/p>\n<p><i class=\"fa fa-thumbs-o-up\"><\/i> &#8220;Buone le attivit\u00e0 proposte, ottima l&#8217;organizzazione. Tutto il personale \u00e8 super accogliente, gentile, disponibile. Molto interessante il percorso dell&#8217;uovo.&#8221;<\/p>\n<p>&nbsp;<\/p>\n<p><strong>Scuola dell&#8217;Infanzia SAN MARTINO di CAMPO SAN MARTINO (PD)<\/strong><\/p>\n<p><i class=\"fa fa-thumbs-o-up\"><\/i>&#8220;Personale preparato. Spazi adeguati per i bambini.&#8221;<\/p>\n<p>&nbsp;<\/p>\n<p><strong>Scuola Primaria G.GIARDINO di SOLAGNA (VI)<\/strong><\/p>\n<p><i class=\"fa fa-thumbs-o-up\"><\/i> &#8220;La visita \u00e8 stata adeguata alle aspettative e alle esigenze degli alunni. Buone le attivit\u00e0 proposte e in particolare i laboratori manipolativi. Molta disponibilit\u00e0 da parte del personale.&#8221;<\/p>\n<p>&nbsp;<\/p>\n<p><strong>Scuola Materna DANIELI di NOVE (VI)<\/strong><\/p>\n<p><i class=\"fa fa-thumbs-o-up\"><\/i> \u201cServizio ottimi, organizzazione perfetta e tanta tantissima gentilezza e cortesia da parte di tutti!!! Complimenti!! E grazie di cuore!!!\u201d<\/p>\n<p>&nbsp;<\/p>\n<p><strong>Scuola Primaria di SALETTO (PD)<\/strong><\/p>\n<p><i class=\"fa fa-thumbs-o-up\"><\/i> \u201cCompetenza e professionalit\u00e0 del personale. Variet\u00e0 delle proposte fatte dagli alunni. Spazi adeguati, organizzati e ben tenuti. Linguaggio adatto all\u2019et\u00e0 degli alunni.\u201d<\/p>\n<p>&nbsp;<\/p>\n<p><strong>Scuola Elementare ENGLISH INTERNATIONAL SCHOOL di ROSA\u2019 (VI)<\/strong><\/p>\n<p><i class=\"fa fa-thumbs-o-up\"><\/i> \u201cI laboratori sono stati apprezzati dai bambini e la visita all\u2019azienda \u00e8 stata per loro interessante.\u201d<\/p>\n<p>&nbsp;<\/p>\n<p><strong>Scuola dell\u2019Infanzia CARLO LIVIERO di ALBIGNASEGO (PD)<\/strong><\/p>\n<p><i class=\"fa fa-thumbs-o-up\"><\/i> \u201cNel complesso molto positivo per la novit\u00e0 delle attivit\u00e0 proposte ritenute originali e ben organizzate.\u201d<\/p>\n<p>&nbsp;<\/p>\n<p><strong>Scuola Primaria DON BOSCO di PIANEZZE (VI)<\/strong><\/p>\n<p><i class=\"fa fa-thumbs-o-up\"><\/i> \u201cIl percorso didattico \u00e8 adeguato all\u2019et\u00e0 dei bambini e le attivit\u00e0 sono varie e piacevoli.\u201d<\/p>\n<p>&nbsp;<\/p>\n<p><strong>Scuola dell\u2019Infanzia SACRO CUORE di TAVO-VIGODARZERE (PD)<\/strong><\/p>\n<p><i class=\"fa fa-thumbs-o-up\"><\/i> \u201cAccoglienza familiare, laboratori ben strutturati e seguiti da persone calorose, pazienti, accoglienti.\u201d<\/p>\n<p>&nbsp;<\/p>\n<p><strong>Scuola dell\u2019Infanzia GIULIA FURLAN di CARTIGLIANO (VI)<\/strong><\/p>\n<p><i class=\"fa fa-thumbs-o-up\"><\/i> \u201cAttivit\u00e0 adatte ai bambini di questa et\u00e0. Ampi spazi con numerose possibilit\u00e0 di gioco.\u201d<\/p>\n","protected":false},"excerpt":{"rendered":"<p>Scuola per l&#8217;infanzia Arsego &#8220;Da ripetere tanto siamo stati bene&#8221; &nbsp; Scuola primaria Riese Pio X &#8220;Accoglienza e disponibilit\u00e0 ottima. Proposte operative molto interessanti. Grande collaborazione al femminile&#8221; &nbsp; Asilo nido Pozzoleone &#8220;Luogo meraviglioso e ben curato. Ottima accoglienza. Personale&#8230;<span class=\"read-more\"><a href=\"https:\/\/www.uovalago.it\/fattoria-didattica\/dicono-di-noi\/\">Leggi tutto &rarr;<\/a><\/span><\/p>\n","protected":false},"author":1,"featured_media":0,"parent":0,"menu_order":0,"comment_status":"closed","ping_status":"closed","template":"page-large.php","meta":{"ngg_post_thumbnail":0,"footnotes":""},"class_list":["post-22","page","type-page","status-publish","hentry"],"yoast_head":"<!-- This site is optimized with the Yoast SEO plugin v27.4 - https:\/\/yoast.com\/product\/yoast-seo-wordpress\/ -->\n<title>Dicono di noi - Fattoria Didattica Uova Lago Cittadella Padova<\/title>\n<meta name=\"robots\" content=\"index, follow, max-snippet:-1, max-image-preview:large, max-video-preview:-1\" \/>\n<link rel=\"canonical\" href=\"https:\/\/www.uovalago.it\/fattoria-didattica\/dicono-di-noi\/\" \/>\n<meta property=\"og:locale\" content=\"it_IT\" \/>\n<meta property=\"og:type\" content=\"article\" \/>\n<meta property=\"og:title\" content=\"Dicono di noi - Fattoria Didattica Uova Lago Cittadella Padova\" \/>\n<meta property=\"og:description\" content=\"Scuola per l&#8217;infanzia Arsego &#8220;Da ripetere tanto siamo stati bene&#8221; &nbsp; Scuola primaria Riese Pio X &#8220;Accoglienza e disponibilit\u00e0 ottima. Proposte operative molto interessanti. Grande collaborazione al femminile&#8221; &nbsp; Asilo nido Pozzoleone &#8220;Luogo meraviglioso e ben curato. Ottima accoglienza. Personale...Leggi tutto &rarr;\" \/>\n<meta property=\"og:url\" content=\"https:\/\/www.uovalago.it\/fattoria-didattica\/dicono-di-noi\/\" \/>\n<meta property=\"og:site_name\" content=\"Fattoria Didattica Uova Lago Cittadella Padova\" \/>\n<meta property=\"article:modified_time\" content=\"2019-09-02T06:34:52+00:00\" \/>\n<meta property=\"og:image\" content=\"https:\/\/www.uovalago.it\/fattoria-didattica\/wp-content\/uploads\/sites\/2\/2015\/11\/OK-BIMBI-300x259.jpg\" \/>\n<meta name=\"twitter:card\" content=\"summary_large_image\" \/>\n<meta name=\"twitter:label1\" content=\"Tempo di lettura stimato\" \/>\n\t<meta name=\"twitter:data1\" content=\"4 minuti\" \/>\n<script type=\"application\/ld+json\" class=\"yoast-schema-graph\">{\"@context\":\"https:\\\/\\\/schema.org\",\"@graph\":[{\"@type\":\"WebPage\",\"@id\":\"https:\\\/\\\/www.uovalago.it\\\/fattoria-didattica\\\/dicono-di-noi\\\/\",\"url\":\"https:\\\/\\\/www.uovalago.it\\\/fattoria-didattica\\\/dicono-di-noi\\\/\",\"name\":\"Dicono di noi - Fattoria Didattica Uova Lago Cittadella Padova\",\"isPartOf\":{\"@id\":\"https:\\\/\\\/www.uovalago.it\\\/fattoria-didattica\\\/#website\"},\"primaryImageOfPage\":{\"@id\":\"https:\\\/\\\/www.uovalago.it\\\/fattoria-didattica\\\/dicono-di-noi\\\/#primaryimage\"},\"image\":{\"@id\":\"https:\\\/\\\/www.uovalago.it\\\/fattoria-didattica\\\/dicono-di-noi\\\/#primaryimage\"},\"thumbnailUrl\":\"https:\\\/\\\/www.uovalago.it\\\/fattoria-didattica\\\/wp-content\\\/uploads\\\/sites\\\/2\\\/2015\\\/11\\\/OK-BIMBI-300x259.jpg\",\"datePublished\":\"2015-11-11T14:54:41+00:00\",\"dateModified\":\"2019-09-02T06:34:52+00:00\",\"breadcrumb\":{\"@id\":\"https:\\\/\\\/www.uovalago.it\\\/fattoria-didattica\\\/dicono-di-noi\\\/#breadcrumb\"},\"inLanguage\":\"it-IT\",\"potentialAction\":[{\"@type\":\"ReadAction\",\"target\":[\"https:\\\/\\\/www.uovalago.it\\\/fattoria-didattica\\\/dicono-di-noi\\\/\"]}]},{\"@type\":\"ImageObject\",\"inLanguage\":\"it-IT\",\"@id\":\"https:\\\/\\\/www.uovalago.it\\\/fattoria-didattica\\\/dicono-di-noi\\\/#primaryimage\",\"url\":\"https:\\\/\\\/www.uovalago.it\\\/fattoria-didattica\\\/wp-content\\\/uploads\\\/sites\\\/2\\\/2015\\\/11\\\/OK-BIMBI.jpg\",\"contentUrl\":\"https:\\\/\\\/www.uovalago.it\\\/fattoria-didattica\\\/wp-content\\\/uploads\\\/sites\\\/2\\\/2015\\\/11\\\/OK-BIMBI.jpg\",\"width\":785,\"height\":678,\"caption\":\"????????????????????????????????????\"},{\"@type\":\"BreadcrumbList\",\"@id\":\"https:\\\/\\\/www.uovalago.it\\\/fattoria-didattica\\\/dicono-di-noi\\\/#breadcrumb\",\"itemListElement\":[{\"@type\":\"ListItem\",\"position\":1,\"name\":\"Home\",\"item\":\"https:\\\/\\\/www.uovalago.it\\\/fattoria-didattica\\\/\"},{\"@type\":\"ListItem\",\"position\":2,\"name\":\"Dicono di noi\"}]},{\"@type\":\"WebSite\",\"@id\":\"https:\\\/\\\/www.uovalago.it\\\/fattoria-didattica\\\/#website\",\"url\":\"https:\\\/\\\/www.uovalago.it\\\/fattoria-didattica\\\/\",\"name\":\"Fattoria Didattica Uova Lago Cittadella Padova\",\"description\":\"Tra natura, giochi e laboratori\",\"potentialAction\":[{\"@type\":\"SearchAction\",\"target\":{\"@type\":\"EntryPoint\",\"urlTemplate\":\"https:\\\/\\\/www.uovalago.it\\\/fattoria-didattica\\\/?s={search_term_string}\"},\"query-input\":{\"@type\":\"PropertyValueSpecification\",\"valueRequired\":true,\"valueName\":\"search_term_string\"}}],\"inLanguage\":\"it-IT\"}]}<\/script>\n<!-- \/ Yoast SEO plugin. -->","yoast_head_json":{"title":"Dicono di noi - Fattoria Didattica Uova Lago Cittadella Padova","robots":{"index":"index","follow":"follow","max-snippet":"max-snippet:-1","max-image-preview":"max-image-preview:large","max-video-preview":"max-video-preview:-1"},"canonical":"https:\/\/www.uovalago.it\/fattoria-didattica\/dicono-di-noi\/","og_locale":"it_IT","og_type":"article","og_title":"Dicono di noi - Fattoria Didattica Uova Lago Cittadella Padova","og_description":"Scuola per l&#8217;infanzia Arsego &#8220;Da ripetere tanto siamo stati bene&#8221; &nbsp; Scuola primaria Riese Pio X &#8220;Accoglienza e disponibilit\u00e0 ottima. Proposte operative molto interessanti. Grande collaborazione al femminile&#8221; &nbsp; Asilo nido Pozzoleone &#8220;Luogo meraviglioso e ben curato. Ottima accoglienza. Personale...Leggi tutto &rarr;","og_url":"https:\/\/www.uovalago.it\/fattoria-didattica\/dicono-di-noi\/","og_site_name":"Fattoria Didattica Uova Lago Cittadella Padova","article_modified_time":"2019-09-02T06:34:52+00:00","og_image":[{"url":"https:\/\/www.uovalago.it\/fattoria-didattica\/wp-content\/uploads\/sites\/2\/2015\/11\/OK-BIMBI-300x259.jpg","type":"","width":"","height":""}],"twitter_card":"summary_large_image","twitter_misc":{"Tempo di lettura stimato":"4 minuti"},"schema":{"@context":"https:\/\/schema.org","@graph":[{"@type":"WebPage","@id":"https:\/\/www.uovalago.it\/fattoria-didattica\/dicono-di-noi\/","url":"https:\/\/www.uovalago.it\/fattoria-didattica\/dicono-di-noi\/","name":"Dicono di noi - Fattoria Didattica Uova Lago Cittadella Padova","isPartOf":{"@id":"https:\/\/www.uovalago.it\/fattoria-didattica\/#website"},"primaryImageOfPage":{"@id":"https:\/\/www.uovalago.it\/fattoria-didattica\/dicono-di-noi\/#primaryimage"},"image":{"@id":"https:\/\/www.uovalago.it\/fattoria-didattica\/dicono-di-noi\/#primaryimage"},"thumbnailUrl":"https:\/\/www.uovalago.it\/fattoria-didattica\/wp-content\/uploads\/sites\/2\/2015\/11\/OK-BIMBI-300x259.jpg","datePublished":"2015-11-11T14:54:41+00:00","dateModified":"2019-09-02T06:34:52+00:00","breadcrumb":{"@id":"https:\/\/www.uovalago.it\/fattoria-didattica\/dicono-di-noi\/#breadcrumb"},"inLanguage":"it-IT","potentialAction":[{"@type":"ReadAction","target":["https:\/\/www.uovalago.it\/fattoria-didattica\/dicono-di-noi\/"]}]},{"@type":"ImageObject","inLanguage":"it-IT","@id":"https:\/\/www.uovalago.it\/fattoria-didattica\/dicono-di-noi\/#primaryimage","url":"https:\/\/www.uovalago.it\/fattoria-didattica\/wp-content\/uploads\/sites\/2\/2015\/11\/OK-BIMBI.jpg","contentUrl":"https:\/\/www.uovalago.it\/fattoria-didattica\/wp-content\/uploads\/sites\/2\/2015\/11\/OK-BIMBI.jpg","width":785,"height":678,"caption":"????????????????????????????????????"},{"@type":"BreadcrumbList","@id":"https:\/\/www.uovalago.it\/fattoria-didattica\/dicono-di-noi\/#breadcrumb","itemListElement":[{"@type":"ListItem","position":1,"name":"Home","item":"https:\/\/www.uovalago.it\/fattoria-didattica\/"},{"@type":"ListItem","position":2,"name":"Dicono di noi"}]},{"@type":"WebSite","@id":"https:\/\/www.uovalago.it\/fattoria-didattica\/#website","url":"https:\/\/www.uovalago.it\/fattoria-didattica\/","name":"Fattoria Didattica Uova Lago Cittadella Padova","description":"Tra natura, giochi e laboratori","potentialAction":[{"@type":"SearchAction","target":{"@type":"EntryPoint","urlTemplate":"https:\/\/www.uovalago.it\/fattoria-didattica\/?s={search_term_string}"},"query-input":{"@type":"PropertyValueSpecification","valueRequired":true,"valueName":"search_term_string"}}],"inLanguage":"it-IT"}]}},"_links":{"self":[{"href":"https:\/\/www.uovalago.it\/fattoria-didattica\/wp-json\/wp\/v2\/pages\/22"}],"collection":[{"href":"https:\/\/www.uovalago.it\/fattoria-didattica\/wp-json\/wp\/v2\/pages"}],"about":[{"href":"https:\/\/www.uovalago.it\/fattoria-didattica\/wp-json\/wp\/v2\/types\/page"}],"author":[{"embeddable":true,"href":"https:\/\/www.uovalago.it\/fattoria-didattica\/wp-json\/wp\/v2\/users\/1"}],"replies":[{"embeddable":true,"href":"https:\/\/www.uovalago.it\/fattoria-didattica\/wp-json\/wp\/v2\/comments?post=22"}],"version-history":[{"count":9,"href":"https:\/\/www.uovalago.it\/fattoria-didattica\/wp-json\/wp\/v2\/pages\/22\/revisions"}],"predecessor-version":[{"id":841,"href":"https:\/\/www.uovalago.it\/fattoria-didattica\/wp-json\/wp\/v2\/pages\/22\/revisions\/841"}],"wp:attachment":[{"href":"https:\/\/www.uovalago.it\/fattoria-didattica\/wp-json\/wp\/v2\/media?parent=22"}],"curies":[{"name":"wp","href":"https:\/\/api.w.org\/{rel}","templated":true}]}}